{"id":350,"date":"2020-01-17T10:36:26","date_gmt":"2020-01-17T09:36:26","guid":{"rendered":"http:\/\/wordpress.serwissamsungbydgoszcz.cba.pl\/?page_id=350"},"modified":"2024-12-06T11:43:01","modified_gmt":"2024-12-06T10:43:01","slug":"kosztorysy","status":"publish","type":"page","link":"https:\/\/gsmbydgoszcz.pl\/index.php\/kosztorysy\/","title":{"rendered":"KOSZTORYS NAPRAWY TELEFONU"},"content":{"rendered":"\n<p class=\"has-text-align-center has-white-color has-black-background-color has-text-color has-background has-link-color has-medium-font-size wp-elements-b192a49890f02ed9093c0156bfa54ee9\">KOSZTORYSY NAPRAWY TELEFONU<\/p>\n\n\n\n<p class=\"has-text-align-center has-medium-font-size\">OFICJALNE CENY NAPRAW<\/p>\n\n\n\n<figure class=\"wp-block-gallery aligncenter has-nested-images columns-default is-cropped wp-block-gallery-1 is-layout-flex wp-block-gallery-is-layout-flex\">\n<figure class=\"wp-block-image size-full\"><img loading=\"lazy\" decoding=\"async\" width=\"695\" height=\"450\" data-id=\"1277\" src=\"https:\/\/gsmbydgoszcz.pl\/wp-content\/uploads\/2024\/11\/a35-karusela-b.jpg\" alt=\"a35-karusela-b\" class=\"wp-image-1277\" srcset=\"https:\/\/gsmbydgoszcz.pl\/wp-content\/uploads\/2024\/11\/a35-karusela-b.jpg 695w, https:\/\/gsmbydgoszcz.pl\/wp-content\/uploads\/2024\/11\/a35-karusela-b-300x194.jpg 300w\" sizes=\"auto, (max-width: 695px) 100vw, 695px\" \/><\/figure>\n<\/figure>\n\n\n\n<hr class=\"wp-block-separator has-alpha-channel-opacity\"\/>\n\n\n\n<div class=\"wp-block-media-text alignwide is-stacked-on-mobile has-white-background-color has-background\"><figure class=\"wp-block-media-text__media\"><img loading=\"lazy\" decoding=\"async\" width=\"1024\" height=\"547\" src=\"https:\/\/gsmbydgoszcz.pl\/wp-content\/uploads\/2024\/12\/3-1024x547.png\" alt=\"ZBITY1\" class=\"wp-image-1419 size-full\" srcset=\"https:\/\/gsmbydgoszcz.pl\/wp-content\/uploads\/2024\/12\/3-1024x547.png 1024w, https:\/\/gsmbydgoszcz.pl\/wp-content\/uploads\/2024\/12\/3-300x160.png 300w, https:\/\/gsmbydgoszcz.pl\/wp-content\/uploads\/2024\/12\/3-768x411.png 768w, https:\/\/gsmbydgoszcz.pl\/wp-content\/uploads\/2024\/12\/3.png 1506w\" sizes=\"auto, (max-width: 1024px) 100vw, 1024px\" \/><\/figure><div class=\"wp-block-media-text__content\">\n<p class=\"has-text-align-center has-black-color has-white-background-color has-text-color has-background has-medium-font-size\">Wystawiamy dla Pa\u0144stwa tak\u017ce kosztorys naprawy telefonu, gdy\u017c wielu klient\u00f3w, kt\u00f3rzy zdecydowali si\u0119 na zakup sprz\u0119tu firmy Samsung, wraz z umow\u0105 zabezpieczy\u0142o si\u0119 przed przysz\u0142ymi skutkami uszkodze\u0144 mechanicznych za po\u015brednictwem dodatkowego ubezpieczenia ca\u0142ego sprz\u0119tu lub te\u017c wy\u015bwietlacza swojego urz\u0105dzenia. <\/p>\n\n\n\n<p class=\"has-text-align-center has-very-light-gray-color has-black-background-color has-text-color has-background has-medium-font-size\">Dzi\u0119ki temu w przypadku nieszcz\u0119\u015bliwego wypadku mo\u017cna naprawi\u0107 sprz\u0119t poprzez firm\u0119 ubezpieczeniow\u0105 nie ponosz\u0105c zb\u0119dnych koszt\u00f3w. <\/p>\n<\/div><\/div>\n\n\n\n<hr class=\"wp-block-separator has-alpha-channel-opacity\"\/>\n\n\n\n<div class=\"wp-block-media-text alignwide has-media-on-the-right is-stacked-on-mobile\"><div class=\"wp-block-media-text__content\">\n<p class=\"has-text-align-center has-black-color has-white-background-color has-text-color has-background has-medium-font-size\">Ubezpieczalnie jednak cz\u0119sto wymagaj\u0105 od swoich klient\u00f3w dokument\u00f3w, kt\u00f3re potwierdzaj\u0105 rzeczywist\u0105 usterk\u0119 sprz\u0119tu oraz okre\u015blaj\u0105 szacunkowy koszt naprawy w autoryzowanym serwisie. Wychodz\u0105c na przeciw naszym klientom oferujemy wykonanie ekspertyzy dla firmy ubezpieczeniowej. <\/p>\n\n\n\n<p class=\"has-very-light-gray-color has-black-background-color has-text-color has-background has-medium-font-size\">Zawiera ona wszelkie niezb\u0119dne informacj\u0119 na temat sprz\u0119tu i przyczyn powstania uszkodze\u0144.<\/p>\n<\/div><figure class=\"wp-block-media-text__media\"><img loading=\"lazy\" decoding=\"async\" width=\"1024\" height=\"768\" src=\"https:\/\/gsmbydgoszcz.pl\/wp-content\/uploads\/2020\/08\/20190604_151637B-1-1024x768.jpg\" alt=\"KOSZTORYS SAMSUNG\" class=\"wp-image-829 size-full\" srcset=\"https:\/\/gsmbydgoszcz.pl\/wp-content\/uploads\/2020\/08\/20190604_151637B-1-1024x768.jpg 1024w, https:\/\/gsmbydgoszcz.pl\/wp-content\/uploads\/2020\/08\/20190604_151637B-1-300x225.jpg 300w, https:\/\/gsmbydgoszcz.pl\/wp-content\/uploads\/2020\/08\/20190604_151637B-1-768x576.jpg 768w, https:\/\/gsmbydgoszcz.pl\/wp-content\/uploads\/2020\/08\/20190604_151637B-1-1536x1152.jpg 1536w, https:\/\/gsmbydgoszcz.pl\/wp-content\/uploads\/2020\/08\/20190604_151637B-1-2048x1536.jpg 2048w\" sizes=\"auto, (max-width: 1024px) 100vw, 1024px\" \/><\/figure><\/div>\n\n\n\n<hr class=\"wp-block-separator has-alpha-channel-opacity\"\/>\n\n\n\n<figure class=\"wp-block-image size-full\"><img loading=\"lazy\" decoding=\"async\" width=\"1860\" height=\"849\" src=\"https:\/\/gsmbydgoszcz.pl\/wp-content\/uploads\/2024\/12\/2.png\" alt=\"\" class=\"wp-image-1420\" srcset=\"https:\/\/gsmbydgoszcz.pl\/wp-content\/uploads\/2024\/12\/2.png 1860w, https:\/\/gsmbydgoszcz.pl\/wp-content\/uploads\/2024\/12\/2-300x137.png 300w, https:\/\/gsmbydgoszcz.pl\/wp-content\/uploads\/2024\/12\/2-1024x467.png 1024w, https:\/\/gsmbydgoszcz.pl\/wp-content\/uploads\/2024\/12\/2-768x351.png 768w, https:\/\/gsmbydgoszcz.pl\/wp-content\/uploads\/2024\/12\/2-1536x701.png 1536w\" sizes=\"auto, (max-width: 1860px) 100vw, 1860px\" \/><figcaption class=\"wp-element-caption\">ZBITY-TY\u0141<\/figcaption><\/figure>\n\n\n\n<div class=\"wp-block-columns is-layout-flex wp-container-core-columns-is-layout-9d6595d7 wp-block-columns-is-layout-flex\">\n<div class=\"wp-block-column is-layout-flow wp-block-column-is-layout-flow\">\n<p class=\"has-text-align-center has-white-background-color has-background has-medium-font-size\">Po wykonanej ekspertyzie nasz klient otrzymuje kosztorys naprawy telefonu, kt\u00f3ry jest niezb\u0119dnym dokumentem w kwestii roszczenia wyp\u0142aty odszkodowania od firmy ubezpieczeniowej. Dodatkowo w naszej bazie danych zachowujemy zdj\u0119cia sprz\u0119tu, kt\u00f3ry trafi\u0142 na serwis, tak aby umo\u017cliwi\u0107 potwierdzenie wszelkich usterek sprz\u0119tu.<\/p>\n<\/div>\n\n\n\n<div class=\"wp-block-column is-layout-flow wp-block-column-is-layout-flow\">\n<p class=\"has-text-align-center has-white-color has-black-background-color has-text-color has-background has-link-color has-medium-font-size wp-elements-f4df46a7f5360c1f29e8fa9a40463e31\">Tak\u0105 dokumentacj\u0119 zdj\u0119ciow\u0105 mo\u017cemy nast\u0119pnie udost\u0119pni\u0107 klientowi lub firmie ubezpieczeniowej. To ostatecznie ubezpieczalnia decyduje o przyznaniu klientowi \u015brodk\u00f3w z tytu\u0142u ubezpieczenia. Po zgodzie ubezpieczyciela mo\u017cemy zaj\u0105\u0107 si\u0119 ju\u017c finalnie napraw\u0105 sprz\u0119tu by przywr\u00f3ci\u0107 go do jak najlepszego stanu, por\u00f3wnywalnego z nowym.<\/p>\n<\/div>\n<\/div>\n\n\n\n<hr class=\"wp-block-separator has-alpha-channel-opacity\"\/>\n\n\n\n<p class=\"has-text-align-center has-black-color has-text-color has-link-color has-large-font-size wp-elements-850279086b8935d8ef628d31903c117e\"><strong>EKSPERTYZA USZKODZE\u0143 DLA UBEZPIECZALNI<\/strong><br><strong>KOSZT 150 Z\u0141<\/strong><\/p>\n\n\n\n<hr class=\"wp-block-separator has-alpha-channel-opacity\"\/>\n\n\n<div class=\"wp-block-image\">\n<figure class=\"aligncenter size-full\"><img loading=\"lazy\" decoding=\"async\" width=\"1200\" height=\"330\" src=\"https:\/\/gsmbydgoszcz.pl\/wp-content\/uploads\/2024\/11\/PRZEROBIONYHDR-SEPARATOR-1.jpg\" alt=\"PRZEROBIONYHDR-SEPARATOR-1\" class=\"wp-image-1286\" srcset=\"https:\/\/gsmbydgoszcz.pl\/wp-content\/uploads\/2024\/11\/PRZEROBIONYHDR-SEPARATOR-1.jpg 1200w, https:\/\/gsmbydgoszcz.pl\/wp-content\/uploads\/2024\/11\/PRZEROBIONYHDR-SEPARATOR-1-300x83.jpg 300w, https:\/\/gsmbydgoszcz.pl\/wp-content\/uploads\/2024\/11\/PRZEROBIONYHDR-SEPARATOR-1-1024x282.jpg 1024w, https:\/\/gsmbydgoszcz.pl\/wp-content\/uploads\/2024\/11\/PRZEROBIONYHDR-SEPARATOR-1-768x211.jpg 768w\" sizes=\"auto, (max-width: 1200px) 100vw, 1200px\" \/><\/figure>\n<\/div>\n\n\n<hr class=\"wp-block-separator has-css-opacity\"\/>\n\n\n\n<h2 class=\"wp-block-heading has-text-align-center has-white-color has-black-background-color has-text-color has-background\">NAPRAWA PO WYSTAWIENIU KOSZTORYSU<\/h2>\n\n\n\n<p class=\"has-text-align-center has-black-color has-white-background-color has-text-color has-background has-medium-font-size\">Prosz\u0119 pami\u0119ta\u0107, i\u017c po akceptacji koszt\u00f3w naprawy przez ubezpieczyciela otrzymuj\u0105 Pa\u0144stwo mo\u017cliwo\u015b\u0107 naprawy sprz\u0119tu w ka\u017cdym autoryzowanym serwisie marki Samsung. My tak\u017ce jeste\u015bmy gotowi do przywr\u00f3cenia Pa\u0144stwa sprz\u0119tu do pe\u0142nej sprawno\u015bci. Dzi\u0119ki autoryzacji, po naprawie sprz\u0119tu b\u0119d\u0105 mogli pa\u0144stwo nadal korzysta\u0107 z napraw na gwarancji. Je\u015bli w przysz\u0142o\u015bci wyst\u0105pi\u0105 jakiekolwiek usterki niezwi\u0105zane z mechanicznym uszkodzeniem sprz\u0119tu, to o ile urz\u0105dzenie nadal znajduje si\u0119 w okresie gwarancyjnym  naprawimy je za darmo. Naprawy uszkodzonych telefon\u00f3w wykonujemy w koszcie wcze\u015bniej wymienionym na kosztorysie naprawy. Automatycznie uwzgl\u0119dniamy ewentualne podzespo\u0142y wymagane do wymiany, kt\u00f3re mo\u017cna rozliczy\u0107 gwarancyjnie. Mowa tu na przyk\u0142ad o bateriach wymienianych wraz z wy\u015bwietlaczem, g\u0142o\u015bnik\u00f3w czy z\u0142\u0105cz \u0142adowania.<\/p>\n\n\n\n<p class=\"has-text-align-center has-white-color has-black-background-color has-text-color has-background has-medium-font-size\">Je\u015bli zdecyduj\u0105 si\u0119 Pa\u0144stwo na napraw\u0119 swoich urz\u0105dze\u0144 w naszym serwisie, postaramy si\u0119 wykona\u0107 tak\u0105 napraw\u0119 z dnia na dzie\u0144. Mo\u017cemy te\u017c wcze\u015bniej zam\u00f3wi\u0107 niezb\u0119dne cz\u0119\u015bci pod Pa\u0144stwa napraw\u0119, by maksymalnie skr\u00f3ci\u0107 czas naprawy. Dzi\u0119ki temu jest szansa na napraw\u0119 w przedziale kilku godzin.  Je\u015bli chc\u0105 Pa\u0144stwo sprawdzi\u0107 przewidywan\u0105 warto\u015b\u0107 kosztorysu napraw, zapraszamy do sprawdzenia zak\u0142adki <span class=\"has-inline-color has-vivid-cyan-blue-color\"><a href=\"https:\/\/gsmbydgoszcz.pl\/index.php\/naprawy-pogwarancyjne-samsung\/\">NAPRAW POGWARANCYJNYCH<\/a><\/span>.  Sprawdz\u0105 tam Pa\u0144stwo przybli\u017cony koszt wymiany wy\u015bwietlacza w popularnych modelach telefon\u00f3w.<\/p>\n\n\n\n<div class=\"wp-block-columns is-layout-flex wp-container-core-columns-is-layout-9d6595d7 wp-block-columns-is-layout-flex\">\n<div class=\"wp-block-column is-layout-flow wp-block-column-is-layout-flow\" style=\"flex-basis:66.66%\"><\/div>\n\n\n\n<div class=\"wp-block-column is-layout-flow wp-block-column-is-layout-flow\" style=\"flex-basis:33.33%\">\n<p class=\"has-text-align-right has-very-light-gray-color has-black-background-color has-text-color has-background has-medium-font-size\"><a href=\"https:\/\/gsmbydgoszcz.pl\/index.php\/naprawy-pogwarancyjne-samsung\/\">NAPRAWY POGWARANCYJNE<\/a><\/p>\n<\/div>\n<\/div>\n\n\n\n<p><\/p>\n","protected":false},"excerpt":{"rendered":"<p>KOSZTORYSY NAPRAWY TELEFONU OFICJALNE CENY NAPRAW Wystawiamy dla Pa\u0144stwa tak\u017ce kosztorys naprawy telefonu, gdy\u017c wielu klient\u00f3w, kt\u00f3rzy zdecydowali si\u0119 na [&hellip;]<\/p>\n","protected":false},"author":1,"featured_media":0,"parent":0,"menu_order":0,"comment_status":"closed","ping_status":"closed","template":"page-templates\/full-width.php","meta":{"_monsterinsights_skip_tracking":false,"_monsterinsights_sitenote_active":false,"_monsterinsights_sitenote_note":"","_monsterinsights_sitenote_category":0,"_uf_show_specific_survey":0,"_uf_disable_surveys":false,"footnotes":""},"class_list":["post-350","page","type-page","status-publish","hentry"],"yoast_head":"<!-- This site is optimized with the Yoast SEO plugin v27.5 - https:\/\/yoast.com\/product\/yoast-seo-wordpress\/ -->\n<title>KOSZTORYS NAPRAWY TELEFONU - GSM Bydgoszcz<\/title>\n<meta name=\"description\" content=\"W przypadku ubezpieczonych telefon\u00f3w wystawiamy dla Pa\u0144stwa kosztorys naprawy telefonu dla ubezpieczalni wraz z dokumentacj\u0105 zdj\u0119ciow\u0105.\" \/>\n<meta name=\"robots\" content=\"index, follow, max-snippet:-1, max-image-preview:large, max-video-preview:-1\" \/>\n<link rel=\"canonical\" href=\"https:\/\/gsmbydgoszcz.pl\/index.php\/kosztorysy\/\" \/>\n<meta property=\"og:locale\" content=\"pl_PL\" \/>\n<meta property=\"og:type\" content=\"article\" \/>\n<meta property=\"og:title\" content=\"KOSZTORYS NAPRAWY TELEFONU - GSM Bydgoszcz\" \/>\n<meta property=\"og:description\" content=\"W przypadku ubezpieczonych telefon\u00f3w wystawiamy dla Pa\u0144stwa kosztorys naprawy telefonu dla ubezpieczalni wraz z dokumentacj\u0105 zdj\u0119ciow\u0105.\" \/>\n<meta property=\"og:url\" content=\"https:\/\/gsmbydgoszcz.pl\/index.php\/kosztorysy\/\" \/>\n<meta property=\"og:site_name\" content=\"GSM Bydgoszcz\" \/>\n<meta property=\"article:publisher\" content=\"https:\/\/www.facebook.com\/samsung.bydgoszcz\/\" \/>\n<meta property=\"article:modified_time\" content=\"2024-12-06T10:43:01+00:00\" \/>\n<meta property=\"og:image\" content=\"http:\/\/gsmbydgoszcz.pl\/wp-content\/uploads\/2024\/11\/a35-karusela-b.jpg\" \/>\n<meta name=\"twitter:card\" content=\"summary_large_image\" \/>\n<meta name=\"twitter:label1\" content=\"Szacowany czas czytania\" \/>\n\t<meta name=\"twitter:data1\" content=\"4 minuty\" \/>\n<script type=\"application\/ld+json\" class=\"yoast-schema-graph\">{\"@context\":\"https:\\\/\\\/schema.org\",\"@graph\":[{\"@type\":\"WebPage\",\"@id\":\"https:\\\/\\\/gsmbydgoszcz.pl\\\/index.php\\\/kosztorysy\\\/\",\"url\":\"https:\\\/\\\/gsmbydgoszcz.pl\\\/index.php\\\/kosztorysy\\\/\",\"name\":\"KOSZTORYS NAPRAWY TELEFONU - GSM Bydgoszcz\",\"isPartOf\":{\"@id\":\"https:\\\/\\\/gsmbydgoszcz.pl\\\/#website\"},\"primaryImageOfPage\":{\"@id\":\"https:\\\/\\\/gsmbydgoszcz.pl\\\/index.php\\\/kosztorysy\\\/#primaryimage\"},\"image\":{\"@id\":\"https:\\\/\\\/gsmbydgoszcz.pl\\\/index.php\\\/kosztorysy\\\/#primaryimage\"},\"thumbnailUrl\":\"http:\\\/\\\/gsmbydgoszcz.pl\\\/wp-content\\\/uploads\\\/2024\\\/11\\\/a35-karusela-b.jpg\",\"datePublished\":\"2020-01-17T09:36:26+00:00\",\"dateModified\":\"2024-12-06T10:43:01+00:00\",\"description\":\"W przypadku ubezpieczonych telefon\u00f3w wystawiamy dla Pa\u0144stwa kosztorys naprawy telefonu dla ubezpieczalni wraz z dokumentacj\u0105 zdj\u0119ciow\u0105.\",\"inLanguage\":\"pl-PL\",\"potentialAction\":[{\"@type\":\"ReadAction\",\"target\":[\"https:\\\/\\\/gsmbydgoszcz.pl\\\/index.php\\\/kosztorysy\\\/\"]}]},{\"@type\":\"ImageObject\",\"inLanguage\":\"pl-PL\",\"@id\":\"https:\\\/\\\/gsmbydgoszcz.pl\\\/index.php\\\/kosztorysy\\\/#primaryimage\",\"url\":\"https:\\\/\\\/gsmbydgoszcz.pl\\\/wp-content\\\/uploads\\\/2024\\\/11\\\/a35-karusela-b.jpg\",\"contentUrl\":\"https:\\\/\\\/gsmbydgoszcz.pl\\\/wp-content\\\/uploads\\\/2024\\\/11\\\/a35-karusela-b.jpg\",\"width\":695,\"height\":450,\"caption\":\"a35-karusela-b\"},{\"@type\":\"WebSite\",\"@id\":\"https:\\\/\\\/gsmbydgoszcz.pl\\\/#website\",\"url\":\"https:\\\/\\\/gsmbydgoszcz.pl\\\/\",\"name\":\"GSM Bydgoszcz - Serwis Samsung\",\"description\":\"samsung serwis bydgoszcz\",\"publisher\":{\"@id\":\"https:\\\/\\\/gsmbydgoszcz.pl\\\/#organization\"},\"potentialAction\":[{\"@type\":\"SearchAction\",\"target\":{\"@type\":\"EntryPoint\",\"urlTemplate\":\"https:\\\/\\\/gsmbydgoszcz.pl\\\/?s={search_term_string}\"},\"query-input\":{\"@type\":\"PropertyValueSpecification\",\"valueRequired\":true,\"valueName\":\"search_term_string\"}}],\"inLanguage\":\"pl-PL\"},{\"@type\":\"Organization\",\"@id\":\"https:\\\/\\\/gsmbydgoszcz.pl\\\/#organization\",\"name\":\"GSM Bydgoszcz\",\"url\":\"https:\\\/\\\/gsmbydgoszcz.pl\\\/\",\"logo\":{\"@type\":\"ImageObject\",\"inLanguage\":\"pl-PL\",\"@id\":\"https:\\\/\\\/gsmbydgoszcz.pl\\\/#\\\/schema\\\/logo\\\/image\\\/\",\"url\":\"http:\\\/\\\/gsmbydgoszcz.pl\\\/wp-content\\\/uploads\\\/2020\\\/01\\\/samsung_logo_PNG14-3-1.png\",\"contentUrl\":\"http:\\\/\\\/gsmbydgoszcz.pl\\\/wp-content\\\/uploads\\\/2020\\\/01\\\/samsung_logo_PNG14-3-1.png\",\"width\":1084,\"height\":373,\"caption\":\"GSM Bydgoszcz\"},\"image\":{\"@id\":\"https:\\\/\\\/gsmbydgoszcz.pl\\\/#\\\/schema\\\/logo\\\/image\\\/\"},\"sameAs\":[\"https:\\\/\\\/www.facebook.com\\\/samsung.bydgoszcz\\\/\"]}]}<\/script>\n<!-- \/ Yoast SEO plugin. -->","yoast_head_json":{"title":"KOSZTORYS NAPRAWY TELEFONU - GSM Bydgoszcz","description":"W przypadku ubezpieczonych telefon\u00f3w wystawiamy dla Pa\u0144stwa kosztorys naprawy telefonu dla ubezpieczalni wraz z dokumentacj\u0105 zdj\u0119ciow\u0105.","robots":{"index":"index","follow":"follow","max-snippet":"max-snippet:-1","max-image-preview":"max-image-preview:large","max-video-preview":"max-video-preview:-1"},"canonical":"https:\/\/gsmbydgoszcz.pl\/index.php\/kosztorysy\/","og_locale":"pl_PL","og_type":"article","og_title":"KOSZTORYS NAPRAWY TELEFONU - GSM Bydgoszcz","og_description":"W przypadku ubezpieczonych telefon\u00f3w wystawiamy dla Pa\u0144stwa kosztorys naprawy telefonu dla ubezpieczalni wraz z dokumentacj\u0105 zdj\u0119ciow\u0105.","og_url":"https:\/\/gsmbydgoszcz.pl\/index.php\/kosztorysy\/","og_site_name":"GSM Bydgoszcz","article_publisher":"https:\/\/www.facebook.com\/samsung.bydgoszcz\/","article_modified_time":"2024-12-06T10:43:01+00:00","og_image":[{"url":"http:\/\/gsmbydgoszcz.pl\/wp-content\/uploads\/2024\/11\/a35-karusela-b.jpg","type":"","width":"","height":""}],"twitter_card":"summary_large_image","twitter_misc":{"Szacowany czas czytania":"4 minuty"},"schema":{"@context":"https:\/\/schema.org","@graph":[{"@type":"WebPage","@id":"https:\/\/gsmbydgoszcz.pl\/index.php\/kosztorysy\/","url":"https:\/\/gsmbydgoszcz.pl\/index.php\/kosztorysy\/","name":"KOSZTORYS NAPRAWY TELEFONU - GSM Bydgoszcz","isPartOf":{"@id":"https:\/\/gsmbydgoszcz.pl\/#website"},"primaryImageOfPage":{"@id":"https:\/\/gsmbydgoszcz.pl\/index.php\/kosztorysy\/#primaryimage"},"image":{"@id":"https:\/\/gsmbydgoszcz.pl\/index.php\/kosztorysy\/#primaryimage"},"thumbnailUrl":"http:\/\/gsmbydgoszcz.pl\/wp-content\/uploads\/2024\/11\/a35-karusela-b.jpg","datePublished":"2020-01-17T09:36:26+00:00","dateModified":"2024-12-06T10:43:01+00:00","description":"W przypadku ubezpieczonych telefon\u00f3w wystawiamy dla Pa\u0144stwa kosztorys naprawy telefonu dla ubezpieczalni wraz z dokumentacj\u0105 zdj\u0119ciow\u0105.","inLanguage":"pl-PL","potentialAction":[{"@type":"ReadAction","target":["https:\/\/gsmbydgoszcz.pl\/index.php\/kosztorysy\/"]}]},{"@type":"ImageObject","inLanguage":"pl-PL","@id":"https:\/\/gsmbydgoszcz.pl\/index.php\/kosztorysy\/#primaryimage","url":"https:\/\/gsmbydgoszcz.pl\/wp-content\/uploads\/2024\/11\/a35-karusela-b.jpg","contentUrl":"https:\/\/gsmbydgoszcz.pl\/wp-content\/uploads\/2024\/11\/a35-karusela-b.jpg","width":695,"height":450,"caption":"a35-karusela-b"},{"@type":"WebSite","@id":"https:\/\/gsmbydgoszcz.pl\/#website","url":"https:\/\/gsmbydgoszcz.pl\/","name":"GSM Bydgoszcz - Serwis Samsung","description":"samsung serwis bydgoszcz","publisher":{"@id":"https:\/\/gsmbydgoszcz.pl\/#organization"},"potentialAction":[{"@type":"SearchAction","target":{"@type":"EntryPoint","urlTemplate":"https:\/\/gsmbydgoszcz.pl\/?s={search_term_string}"},"query-input":{"@type":"PropertyValueSpecification","valueRequired":true,"valueName":"search_term_string"}}],"inLanguage":"pl-PL"},{"@type":"Organization","@id":"https:\/\/gsmbydgoszcz.pl\/#organization","name":"GSM Bydgoszcz","url":"https:\/\/gsmbydgoszcz.pl\/","logo":{"@type":"ImageObject","inLanguage":"pl-PL","@id":"https:\/\/gsmbydgoszcz.pl\/#\/schema\/logo\/image\/","url":"http:\/\/gsmbydgoszcz.pl\/wp-content\/uploads\/2020\/01\/samsung_logo_PNG14-3-1.png","contentUrl":"http:\/\/gsmbydgoszcz.pl\/wp-content\/uploads\/2020\/01\/samsung_logo_PNG14-3-1.png","width":1084,"height":373,"caption":"GSM Bydgoszcz"},"image":{"@id":"https:\/\/gsmbydgoszcz.pl\/#\/schema\/logo\/image\/"},"sameAs":["https:\/\/www.facebook.com\/samsung.bydgoszcz\/"]}]}},"_links":{"self":[{"href":"https:\/\/gsmbydgoszcz.pl\/index.php\/wp-json\/wp\/v2\/pages\/350","targetHints":{"allow":["GET"]}}],"collection":[{"href":"https:\/\/gsmbydgoszcz.pl\/index.php\/wp-json\/wp\/v2\/pages"}],"about":[{"href":"https:\/\/gsmbydgoszcz.pl\/index.php\/wp-json\/wp\/v2\/types\/page"}],"author":[{"embeddable":true,"href":"https:\/\/gsmbydgoszcz.pl\/index.php\/wp-json\/wp\/v2\/users\/1"}],"replies":[{"embeddable":true,"href":"https:\/\/gsmbydgoszcz.pl\/index.php\/wp-json\/wp\/v2\/comments?post=350"}],"version-history":[{"count":52,"href":"https:\/\/gsmbydgoszcz.pl\/index.php\/wp-json\/wp\/v2\/pages\/350\/revisions"}],"predecessor-version":[{"id":1460,"href":"https:\/\/gsmbydgoszcz.pl\/index.php\/wp-json\/wp\/v2\/pages\/350\/revisions\/1460"}],"wp:attachment":[{"href":"https:\/\/gsmbydgoszcz.pl\/index.php\/wp-json\/wp\/v2\/media?parent=350"}],"curies":[{"name":"wp","href":"https:\/\/api.w.org\/{rel}","templated":true}]}}